{"id":11243,"date":"2021-04-28T16:32:12","date_gmt":"2021-04-28T16:32:12","guid":{"rendered":"https:\/\/blava.hspaces.io\/?page_id=11243"},"modified":"2021-08-13T09:31:59","modified_gmt":"2021-08-13T09:31:59","slug":"clausula-de-privacidad","status":"publish","type":"page","link":"https:\/\/blava.hspaces.io\/es\/clausula-de-privacidad\/","title":{"rendered":"Cl\u00e1usula de privacidad"},"content":{"rendered":"<div data-elementor-type=\"wp-page\" data-elementor-id=\"11243\" class=\"elementor elementor-11243\">\n\t\t\t\t\t\t\t\t\t<section class=\"elementor-section elementor-top-section elementor-element elementor-element-5d884693 elementor-section-boxed elementor-section-height-default elementor-section-height-default\" data-id=\"5d884693\" data-element_type=\"section\">\n\t\t\t\t\t\t<div class=\"elementor-container elementor-column-gap-default\">\n\t\t\t\t\t<div class=\"elementor-column elementor-col-100 elementor-top-column elementor-element elementor-element-2a65076c\" data-id=\"2a65076c\" data-element_type=\"column\" data-settings=\"{&quot;starto_ext_is_scrollme&quot;:&quot;false&quot;,&quot;starto_ext_is_smoove&quot;:&quot;false&quot;,&quot;starto_ext_is_parallax_mouse&quot;:&quot;false&quot;,&quot;starto_ext_is_infinite&quot;:&quot;false&quot;}\">\n\t\t\t<div class=\"elementor-widget-wrap elementor-element-populated\">\n\t\t\t\t\t\t\t\t<div class=\"elementor-element elementor-element-655dfa73 elementor-widget elementor-widget-text-editor\" data-id=\"655dfa73\" data-element_type=\"widget\" data-settings=\"{&quot;starto_ext_is_scrollme&quot;:&quot;false&quot;,&quot;starto_ext_is_smoove&quot;:&quot;false&quot;,&quot;starto_ext_is_parallax_mouse&quot;:&quot;false&quot;,&quot;starto_ext_is_infinite&quot;:&quot;false&quot;}\" data-widget_type=\"text-editor.default\">\n\t\t\t\t<div class=\"elementor-widget-container\">\n\t\t\t\t\t\t\t<!-- wp:heading -->\n<h2 class=\"h3 g-color-black mb-3\">1. Informaci\u00f3n b\u00e1sica de protecci\u00f3n de datos<\/h2>\n<!-- \/wp:heading --><!-- wp:paragraph -->\n<p>En cumplimiento del deber de informar a los interesados de las circunstancias y condiciones del tratamiento de sus datos y de los derechos que le asisten, ponemos a su disposici\u00f3n la siguiente informaci\u00f3n.<\/p>\n<!-- \/wp:paragraph --><!-- wp:heading --><!-- \/wp:paragraph --><!-- wp:paragraph --><!-- \/wp:paragraph --><!-- wp:heading --><!-- \/wp:heading -->\t\t\t\t\t\t<\/div>\n\t\t\t\t<\/div>\n\t\t\t\t\t<\/div>\n\t\t<\/div>\n\t\t\t\t\t\t\t<\/div>\n\t\t<\/section>\n\t\t\t\t<section class=\"elementor-section elementor-top-section elementor-element elementor-element-c3d4b51 elementor-section-boxed elementor-section-height-default elementor-section-height-default\" data-id=\"c3d4b51\" data-element_type=\"section\">\n\t\t\t\t\t\t<div class=\"elementor-container elementor-column-gap-default\">\n\t\t\t\t\t<div class=\"elementor-column elementor-col-100 elementor-top-column elementor-element elementor-element-b4017ed\" data-id=\"b4017ed\" data-element_type=\"column\" data-settings=\"{&quot;starto_ext_is_scrollme&quot;:&quot;false&quot;,&quot;starto_ext_is_smoove&quot;:&quot;false&quot;,&quot;starto_ext_is_parallax_mouse&quot;:&quot;false&quot;,&quot;starto_ext_is_infinite&quot;:&quot;false&quot;}\">\n\t\t\t<div class=\"elementor-widget-wrap elementor-element-populated\">\n\t\t\t\t\t\t\t\t<div class=\"elementor-element elementor-element-f00d6d0 elementor-widget elementor-widget-text-editor\" data-id=\"f00d6d0\" data-element_type=\"widget\" data-settings=\"{&quot;starto_ext_is_scrollme&quot;:&quot;false&quot;,&quot;starto_ext_is_smoove&quot;:&quot;false&quot;,&quot;starto_ext_is_parallax_mouse&quot;:&quot;false&quot;,&quot;starto_ext_is_infinite&quot;:&quot;false&quot;}\" data-widget_type=\"text-editor.default\">\n\t\t\t\t<div class=\"elementor-widget-container\">\n\t\t\t\t\t\t\t<!-- wp:heading --><!-- \/wp:paragraph --><!-- wp:heading -->\n<h2 class=\"g-color-black mb-3\">2. Responsable de tratamiento<\/h2>\n<!-- \/wp:heading --><!-- wp:heading {\"level\":3} --><!-- \/wp:heading --><!-- wp:paragraph -->\n<p>Healthy Spaces Technology, SL.<\/p>\n<!-- \/wp:paragraph --><!-- wp:paragraph --><!-- \/wp:paragraph --><!-- wp:heading {\"level\":3} --><!-- \/wp:paragraph --><!-- wp:paragraph --><!-- \/wp:paragraph --><!-- wp:heading --><!-- \/wp:heading -->\t\t\t\t\t\t<\/div>\n\t\t\t\t<\/div>\n\t\t\t\t\t<\/div>\n\t\t<\/div>\n\t\t\t\t\t\t\t<\/div>\n\t\t<\/section>\n\t\t\t\t<section class=\"elementor-section elementor-top-section elementor-element elementor-element-4deaace elementor-section-boxed elementor-section-height-default elementor-section-height-default\" data-id=\"4deaace\" data-element_type=\"section\">\n\t\t\t\t\t\t<div class=\"elementor-container elementor-column-gap-default\">\n\t\t\t\t\t<div class=\"elementor-column elementor-col-100 elementor-top-column elementor-element elementor-element-0f528e4\" data-id=\"0f528e4\" data-element_type=\"column\" data-settings=\"{&quot;starto_ext_is_scrollme&quot;:&quot;false&quot;,&quot;starto_ext_is_smoove&quot;:&quot;false&quot;,&quot;starto_ext_is_parallax_mouse&quot;:&quot;false&quot;,&quot;starto_ext_is_infinite&quot;:&quot;false&quot;}\">\n\t\t\t<div class=\"elementor-widget-wrap elementor-element-populated\">\n\t\t\t\t\t\t\t\t<div class=\"elementor-element elementor-element-50a5c62 elementor-widget elementor-widget-text-editor\" data-id=\"50a5c62\" data-element_type=\"widget\" data-settings=\"{&quot;starto_ext_is_scrollme&quot;:&quot;false&quot;,&quot;starto_ext_is_smoove&quot;:&quot;false&quot;,&quot;starto_ext_is_parallax_mouse&quot;:&quot;false&quot;,&quot;starto_ext_is_infinite&quot;:&quot;false&quot;}\" data-widget_type=\"text-editor.default\">\n\t\t\t\t<div class=\"elementor-widget-container\">\n\t\t\t\t\t\t\t<!-- wp:heading --><!-- \/wp:paragraph --><!-- wp:paragraph --><!-- \/wp:paragraph --><!-- wp:heading {\"level\":3} -->\n<h2>3. Finalidad del tratamiento de sus datos<\/h2>\n<!-- \/wp:heading --><!-- wp:paragraph -->\n<p>Gestionar y responder su consulta.<\/p>\n<!-- \/wp:paragraph --><!-- wp:heading {\"level\":3} --><!-- \/wp:paragraph --><!-- wp:paragraph --><!-- \/wp:paragraph --><!-- wp:heading --><!-- \/wp:heading -->\t\t\t\t\t\t<\/div>\n\t\t\t\t<\/div>\n\t\t\t\t\t<\/div>\n\t\t<\/div>\n\t\t\t\t\t\t\t<\/div>\n\t\t<\/section>\n\t\t\t\t<section class=\"elementor-section elementor-top-section elementor-element elementor-element-ea042d5 elementor-section-boxed elementor-section-height-default elementor-section-height-default\" data-id=\"ea042d5\" data-element_type=\"section\">\n\t\t\t\t\t\t<div class=\"elementor-container elementor-column-gap-default\">\n\t\t\t\t\t<div class=\"elementor-column elementor-col-100 elementor-top-column elementor-element elementor-element-c89d301\" data-id=\"c89d301\" data-element_type=\"column\" data-settings=\"{&quot;starto_ext_is_scrollme&quot;:&quot;false&quot;,&quot;starto_ext_is_smoove&quot;:&quot;false&quot;,&quot;starto_ext_is_parallax_mouse&quot;:&quot;false&quot;,&quot;starto_ext_is_infinite&quot;:&quot;false&quot;}\">\n\t\t\t<div class=\"elementor-widget-wrap elementor-element-populated\">\n\t\t\t\t\t\t\t\t<div class=\"elementor-element elementor-element-5f3e2cf elementor-widget elementor-widget-text-editor\" data-id=\"5f3e2cf\" data-element_type=\"widget\" data-settings=\"{&quot;starto_ext_is_scrollme&quot;:&quot;false&quot;,&quot;starto_ext_is_smoove&quot;:&quot;false&quot;,&quot;starto_ext_is_parallax_mouse&quot;:&quot;false&quot;,&quot;starto_ext_is_infinite&quot;:&quot;false&quot;}\" data-widget_type=\"text-editor.default\">\n\t\t\t\t<div class=\"elementor-widget-container\">\n\t\t\t\t\t\t\t<!-- wp:heading --><!-- \/wp:paragraph --><!-- wp:heading {\"level\":3} -->\n<h2>4. Conservaci\u00f3n de los datos<\/h2>\n<p>Los datos se conservan el tiempo estrictamente necesario para la relaci\u00f3n y lo que le es exigible legalmente, siendo destruidos posteriormente mediante los procesos seguros de la organizaci\u00f3n.<\/p>\n<!-- \/wp:paragraph --><!-- wp:heading {\"level\":3} --><!-- \/wp:paragraph --><!-- wp:paragraph --><!-- \/wp:paragraph --><!-- wp:heading --><!-- \/wp:heading -->\t\t\t\t\t\t<\/div>\n\t\t\t\t<\/div>\n\t\t\t\t\t<\/div>\n\t\t<\/div>\n\t\t\t\t\t\t\t<\/div>\n\t\t<\/section>\n\t\t\t\t<section class=\"elementor-section elementor-top-section elementor-element elementor-element-a9383ca elementor-section-boxed elementor-section-height-default elementor-section-height-default\" data-id=\"a9383ca\" data-element_type=\"section\">\n\t\t\t\t\t\t<div class=\"elementor-container elementor-column-gap-default\">\n\t\t\t\t\t<div class=\"elementor-column elementor-col-100 elementor-top-column elementor-element elementor-element-edfff0f\" data-id=\"edfff0f\" data-element_type=\"column\" data-settings=\"{&quot;starto_ext_is_scrollme&quot;:&quot;false&quot;,&quot;starto_ext_is_smoove&quot;:&quot;false&quot;,&quot;starto_ext_is_parallax_mouse&quot;:&quot;false&quot;,&quot;starto_ext_is_infinite&quot;:&quot;false&quot;}\">\n\t\t\t<div class=\"elementor-widget-wrap elementor-element-populated\">\n\t\t\t\t\t\t\t\t<div class=\"elementor-element elementor-element-4b110c1 elementor-widget elementor-widget-text-editor\" data-id=\"4b110c1\" data-element_type=\"widget\" data-settings=\"{&quot;starto_ext_is_scrollme&quot;:&quot;false&quot;,&quot;starto_ext_is_smoove&quot;:&quot;false&quot;,&quot;starto_ext_is_parallax_mouse&quot;:&quot;false&quot;,&quot;starto_ext_is_infinite&quot;:&quot;false&quot;}\" data-widget_type=\"text-editor.default\">\n\t\t\t\t<div class=\"elementor-widget-container\">\n\t\t\t\t\t\t\t<!-- wp:heading -->\n<h2 class=\"g-color-black mb-3\">5. Legitimaci\u00f3n para el tratamiento<\/h2>\n<!-- \/wp:heading --><!-- wp:paragraph -->\n<p>Inter\u00e9s leg\u00edtimo de las partes para dar respuesta a la solicitud de informaci\u00f3n.<\/p>\n<!-- \/wp:paragraph --><!-- wp:paragraph --><!-- \/wp:heading --><!-- wp:heading --><!-- \/wp:paragraph --><!-- wp:paragraph --><!-- \/wp:paragraph --><!-- wp:heading --><!-- \/wp:heading -->\t\t\t\t\t\t<\/div>\n\t\t\t\t<\/div>\n\t\t\t\t\t<\/div>\n\t\t<\/div>\n\t\t\t\t\t\t\t<\/div>\n\t\t<\/section>\n\t\t\t\t<section class=\"elementor-section elementor-top-section elementor-element elementor-element-bd30e04 elementor-section-boxed elementor-section-height-default elementor-section-height-default\" data-id=\"bd30e04\" data-element_type=\"section\">\n\t\t\t\t\t\t<div class=\"elementor-container elementor-column-gap-default\">\n\t\t\t\t\t<div class=\"elementor-column elementor-col-100 elementor-top-column elementor-element elementor-element-31ce718\" data-id=\"31ce718\" data-element_type=\"column\" data-settings=\"{&quot;starto_ext_is_scrollme&quot;:&quot;false&quot;,&quot;starto_ext_is_smoove&quot;:&quot;false&quot;,&quot;starto_ext_is_parallax_mouse&quot;:&quot;false&quot;,&quot;starto_ext_is_infinite&quot;:&quot;false&quot;}\">\n\t\t\t<div class=\"elementor-widget-wrap elementor-element-populated\">\n\t\t\t\t\t\t\t\t<div class=\"elementor-element elementor-element-c6b3989 elementor-widget elementor-widget-text-editor\" data-id=\"c6b3989\" data-element_type=\"widget\" data-settings=\"{&quot;starto_ext_is_scrollme&quot;:&quot;false&quot;,&quot;starto_ext_is_smoove&quot;:&quot;false&quot;,&quot;starto_ext_is_parallax_mouse&quot;:&quot;false&quot;,&quot;starto_ext_is_infinite&quot;:&quot;false&quot;}\" data-widget_type=\"text-editor.default\">\n\t\t\t\t<div class=\"elementor-widget-container\">\n\t\t\t\t\t\t\t<!-- wp:heading --><!-- \/wp:paragraph --><!-- wp:paragraph --><!-- \/wp:heading --><!-- wp:heading -->\n<h2 class=\"g-color-black mb-3\">6. Destinatarios de sus datos personales<\/h2>\n<!-- \/wp:heading --><!-- wp:paragraph -->\n<p>No se prev\u00e9n cesiones de datos salvo en aquellos casos en que exista una obligaci\u00f3n legal. No hay previsi\u00f3n de transferencias de datos internacionales.<\/p>\n<!-- \/wp:paragraph --><!-- wp:heading --><!-- \/wp:paragraph --><!-- wp:paragraph --><!-- \/wp:paragraph --><!-- wp:heading --><!-- \/wp:heading -->\t\t\t\t\t\t<\/div>\n\t\t\t\t<\/div>\n\t\t\t\t\t<\/div>\n\t\t<\/div>\n\t\t\t\t\t\t\t<\/div>\n\t\t<\/section>\n\t\t\t\t<section class=\"elementor-section elementor-top-section elementor-element elementor-element-25440a7 elementor-section-boxed elementor-section-height-default elementor-section-height-default\" data-id=\"25440a7\" data-element_type=\"section\">\n\t\t\t\t\t\t<div class=\"elementor-container elementor-column-gap-default\">\n\t\t\t\t\t<div class=\"elementor-column elementor-col-100 elementor-top-column elementor-element elementor-element-f857046\" data-id=\"f857046\" data-element_type=\"column\" data-settings=\"{&quot;starto_ext_is_scrollme&quot;:&quot;false&quot;,&quot;starto_ext_is_smoove&quot;:&quot;false&quot;,&quot;starto_ext_is_parallax_mouse&quot;:&quot;false&quot;,&quot;starto_ext_is_infinite&quot;:&quot;false&quot;}\">\n\t\t\t<div class=\"elementor-widget-wrap elementor-element-populated\">\n\t\t\t\t\t\t\t\t<div class=\"elementor-element elementor-element-d478ea1 elementor-widget elementor-widget-text-editor\" data-id=\"d478ea1\" data-element_type=\"widget\" data-settings=\"{&quot;starto_ext_is_scrollme&quot;:&quot;false&quot;,&quot;starto_ext_is_smoove&quot;:&quot;false&quot;,&quot;starto_ext_is_parallax_mouse&quot;:&quot;false&quot;,&quot;starto_ext_is_infinite&quot;:&quot;false&quot;}\" data-widget_type=\"text-editor.default\">\n\t\t\t\t<div class=\"elementor-widget-container\">\n\t\t\t\t\t\t\t<!-- wp:heading --><!-- \/wp:paragraph --><!-- wp:heading -->\n<h2 class=\"g-color-black mb-3\">7. Sus derechos<\/h2>\n<!-- \/wp:heading --><!-- wp:paragraph -->\n<p>Puede revocar el consentimiento y ejercer sus Derechos a acceder, rectificar, oponerse, limitar, portar y suprimir los datos, escribiendo a Healthy Spaces Technology SL, en CL Can Bruguera 1, BX 1, 08391 Tiana (Barcelona) adem\u00e1s de acudir a la autoridad de control competente (AEPD).<\/p>\n<ul>\n<li>Acepto las condiciones de uso del formulario de contacto.<\/li>\n<li>Acepto que mis datos identificativos sean incluidos para finalidades comerciales de Sabater Assessors SL<\/li>\n<\/ul>\n<!-- \/wp:paragraph --><!-- wp:paragraph --><!-- \/wp:paragraph --><!-- wp:heading --><!-- \/wp:heading -->\t\t\t\t\t\t<\/div>\n\t\t\t\t<\/div>\n\t\t\t\t\t<\/div>\n\t\t<\/div>\n\t\t\t\t\t\t\t<\/div>\n\t\t<\/section>\n\t\t\t\t<section class=\"elementor-section elementor-top-section elementor-element elementor-element-d653d3f elementor-section-boxed elementor-section-height-default elementor-section-height-default\" data-id=\"d653d3f\" data-element_type=\"section\">\n\t\t\t\t\t\t<div class=\"elementor-container elementor-column-gap-default\">\n\t\t\t\t\t<div class=\"elementor-column elementor-col-100 elementor-top-column elementor-element elementor-element-0c900b9\" data-id=\"0c900b9\" data-element_type=\"column\" data-settings=\"{&quot;starto_ext_is_scrollme&quot;:&quot;false&quot;,&quot;starto_ext_is_smoove&quot;:&quot;false&quot;,&quot;starto_ext_is_parallax_mouse&quot;:&quot;false&quot;,&quot;starto_ext_is_infinite&quot;:&quot;false&quot;}\">\n\t\t\t<div class=\"elementor-widget-wrap elementor-element-populated\">\n\t\t\t\t\t\t\t\t<div class=\"elementor-element elementor-element-4b833d2 elementor-widget elementor-widget-spacer\" data-id=\"4b833d2\" data-element_type=\"widget\" data-settings=\"{&quot;starto_ext_is_scrollme&quot;:&quot;false&quot;,&quot;starto_ext_is_smoove&quot;:&quot;false&quot;,&quot;starto_ext_is_parallax_mouse&quot;:&quot;false&quot;,&quot;starto_ext_is_infinite&quot;:&quot;false&quot;}\" data-widget_type=\"spacer.default\">\n\t\t\t\t<div class=\"elementor-widget-container\">\n\t\t\t\t\t<div class=\"elementor-spacer\">\n\t\t\t<div class=\"elementor-spacer-inner\"><\/div>\n\t\t<\/div>\n\t\t\t\t<\/div>\n\t\t\t\t<\/div>\n\t\t\t\t\t<\/div>\n\t\t<\/div>\n\t\t\t\t\t\t\t<\/div>\n\t\t<\/section>\n\t\t\t\t\t\t\t<\/div>","protected":false},"excerpt":{"rendered":"<p>1. Informaci\u00f3n b\u00e1sica de protecci\u00f3n de datos En cumplimiento del deber de informar a los interesados de las circunstancias y condiciones del tratamiento de sus datos y de los derechos que le asisten, ponemos a su disposici\u00f3n la siguiente informaci\u00f3n. [&hellip;]<\/p>","protected":false},"author":1,"featured_media":0,"parent":0,"menu_order":0,"comment_status":"closed","ping_status":"open","template":"","meta":{"_mi_skip_tracking":false,"_monsterinsights_sitenote_active":false,"_monsterinsights_sitenote_note":"","_monsterinsights_sitenote_category":0,"footnotes":""},"yoast_head":"<!-- This site is optimized with the Yoast SEO plugin v21.0 - https:\/\/yoast.com\/wordpress\/plugins\/seo\/ -->\n<title>Cl\u00e1usula de privacidad &mdash; Blava<\/title>\n<meta name=\"robots\" content=\"index, follow, max-snippet:-1, max-image-preview:large, max-video-preview:-1\" \/>\n<link rel=\"canonical\" href=\"https:\/\/blava.hspaces.io\/es\/clausula-de-privacidad\/\" \/>\n<meta property=\"og:locale\" content=\"es_ES\" \/>\n<meta property=\"og:type\" content=\"article\" \/>\n<meta property=\"og:title\" content=\"Cl\u00e1usula de privacidad &mdash; Blava\" \/>\n<meta property=\"og:description\" content=\"1. Informaci\u00f3n b\u00e1sica de protecci\u00f3n de datos En cumplimiento del deber de informar a los interesados de las circunstancias y condiciones del tratamiento de sus datos y de los derechos que le asisten, ponemos a su disposici\u00f3n la siguiente informaci\u00f3n. [&hellip;]\" \/>\n<meta property=\"og:url\" content=\"https:\/\/blava.hspaces.io\/es\/clausula-de-privacidad\/\" \/>\n<meta property=\"og:site_name\" content=\"Blava\" \/>\n<meta property=\"article:modified_time\" content=\"2021-08-13T09:31:59+00:00\" \/>\n<meta name=\"twitter:card\" content=\"summary_large_image\" \/>\n<meta name=\"twitter:label1\" content=\"Tiempo de lectura\" \/>\n\t<meta name=\"twitter:data1\" content=\"1 minuto\" \/>\n<script type=\"application\/ld+json\" class=\"yoast-schema-graph\">{\"@context\":\"https:\/\/schema.org\",\"@graph\":[{\"@type\":\"WebPage\",\"@id\":\"https:\/\/blava.hspaces.io\/es\/clausula-de-privacidad\/\",\"url\":\"https:\/\/blava.hspaces.io\/es\/clausula-de-privacidad\/\",\"name\":\"Cl\u00e1usula de privacidad &mdash; Blava\",\"isPartOf\":{\"@id\":\"http:\/\/15.236.5.232:80\/#website\"},\"datePublished\":\"2021-04-28T16:32:12+00:00\",\"dateModified\":\"2021-08-13T09:31:59+00:00\",\"breadcrumb\":{\"@id\":\"https:\/\/blava.hspaces.io\/es\/clausula-de-privacidad\/#breadcrumb\"},\"inLanguage\":\"es\",\"potentialAction\":[{\"@type\":\"ReadAction\",\"target\":[\"https:\/\/blava.hspaces.io\/es\/clausula-de-privacidad\/\"]}]},{\"@type\":\"BreadcrumbList\",\"@id\":\"https:\/\/blava.hspaces.io\/es\/clausula-de-privacidad\/#breadcrumb\",\"itemListElement\":[{\"@type\":\"ListItem\",\"position\":1,\"name\":\"Home\",\"item\":\"http:\/\/15.236.5.232:80\/\"},{\"@type\":\"ListItem\",\"position\":2,\"name\":\"Cl\u00e1usula de privacidad\"}]},{\"@type\":\"WebSite\",\"@id\":\"http:\/\/15.236.5.232:80\/#website\",\"url\":\"http:\/\/15.236.5.232:80\/\",\"name\":\"Blava Healthy Spaces\",\"description\":\"Healthy Spaces\",\"publisher\":{\"@id\":\"http:\/\/15.236.5.232:80\/#organization\"},\"potentialAction\":[{\"@type\":\"SearchAction\",\"target\":{\"@type\":\"EntryPoint\",\"urlTemplate\":\"http:\/\/15.236.5.232:80\/?s={search_term_string}\"},\"query-input\":\"required name=search_term_string\"}],\"inLanguage\":\"es\"},{\"@type\":\"Organization\",\"@id\":\"http:\/\/15.236.5.232:80\/#organization\",\"name\":\"Blava\",\"url\":\"http:\/\/15.236.5.232:80\/\",\"logo\":{\"@type\":\"ImageObject\",\"inLanguage\":\"es\",\"@id\":\"http:\/\/15.236.5.232:80\/#\/schema\/logo\/image\/\",\"url\":\"http:\/\/blava.hspaces.io\/wp-content\/uploads\/2021\/08\/blava-logo-black.png\",\"contentUrl\":\"http:\/\/blava.hspaces.io\/wp-content\/uploads\/2021\/08\/blava-logo-black.png\",\"width\":842,\"height\":381,\"caption\":\"Blava\"},\"image\":{\"@id\":\"http:\/\/15.236.5.232:80\/#\/schema\/logo\/image\/\"}}]}<\/script>\n<!-- \/ Yoast SEO plugin. -->","yoast_head_json":{"title":"Cl\u00e1usula de privacidad &mdash; Blava","robots":{"index":"index","follow":"follow","max-snippet":"max-snippet:-1","max-image-preview":"max-image-preview:large","max-video-preview":"max-video-preview:-1"},"canonical":"https:\/\/blava.hspaces.io\/es\/clausula-de-privacidad\/","og_locale":"es_ES","og_type":"article","og_title":"Cl\u00e1usula de privacidad &mdash; Blava","og_description":"1. Informaci\u00f3n b\u00e1sica de protecci\u00f3n de datos En cumplimiento del deber de informar a los interesados de las circunstancias y condiciones del tratamiento de sus datos y de los derechos que le asisten, ponemos a su disposici\u00f3n la siguiente informaci\u00f3n. [&hellip;]","og_url":"https:\/\/blava.hspaces.io\/es\/clausula-de-privacidad\/","og_site_name":"Blava","article_modified_time":"2021-08-13T09:31:59+00:00","twitter_card":"summary_large_image","twitter_misc":{"Tiempo de lectura":"1 minuto"},"schema":{"@context":"https:\/\/schema.org","@graph":[{"@type":"WebPage","@id":"https:\/\/blava.hspaces.io\/es\/clausula-de-privacidad\/","url":"https:\/\/blava.hspaces.io\/es\/clausula-de-privacidad\/","name":"Cl\u00e1usula de privacidad &mdash; Blava","isPartOf":{"@id":"http:\/\/15.236.5.232:80\/#website"},"datePublished":"2021-04-28T16:32:12+00:00","dateModified":"2021-08-13T09:31:59+00:00","breadcrumb":{"@id":"https:\/\/blava.hspaces.io\/es\/clausula-de-privacidad\/#breadcrumb"},"inLanguage":"es","potentialAction":[{"@type":"ReadAction","target":["https:\/\/blava.hspaces.io\/es\/clausula-de-privacidad\/"]}]},{"@type":"BreadcrumbList","@id":"https:\/\/blava.hspaces.io\/es\/clausula-de-privacidad\/#breadcrumb","itemListElement":[{"@type":"ListItem","position":1,"name":"Home","item":"http:\/\/15.236.5.232:80\/"},{"@type":"ListItem","position":2,"name":"Cl\u00e1usula de privacidad"}]},{"@type":"WebSite","@id":"http:\/\/15.236.5.232:80\/#website","url":"http:\/\/15.236.5.232:80\/","name":"Blava Healthy Spaces","description":"Healthy Spaces","publisher":{"@id":"http:\/\/15.236.5.232:80\/#organization"},"potentialAction":[{"@type":"SearchAction","target":{"@type":"EntryPoint","urlTemplate":"http:\/\/15.236.5.232:80\/?s={search_term_string}"},"query-input":"required name=search_term_string"}],"inLanguage":"es"},{"@type":"Organization","@id":"http:\/\/15.236.5.232:80\/#organization","name":"Blava","url":"http:\/\/15.236.5.232:80\/","logo":{"@type":"ImageObject","inLanguage":"es","@id":"http:\/\/15.236.5.232:80\/#\/schema\/logo\/image\/","url":"http:\/\/blava.hspaces.io\/wp-content\/uploads\/2021\/08\/blava-logo-black.png","contentUrl":"http:\/\/blava.hspaces.io\/wp-content\/uploads\/2021\/08\/blava-logo-black.png","width":842,"height":381,"caption":"Blava"},"image":{"@id":"http:\/\/15.236.5.232:80\/#\/schema\/logo\/image\/"}}]}},"_links":{"self":[{"href":"https:\/\/blava.hspaces.io\/es\/wp-json\/wp\/v2\/pages\/11243"}],"collection":[{"href":"https:\/\/blava.hspaces.io\/es\/wp-json\/wp\/v2\/pages"}],"about":[{"href":"https:\/\/blava.hspaces.io\/es\/wp-json\/wp\/v2\/types\/page"}],"author":[{"embeddable":true,"href":"https:\/\/blava.hspaces.io\/es\/wp-json\/wp\/v2\/users\/1"}],"replies":[{"embeddable":true,"href":"https:\/\/blava.hspaces.io\/es\/wp-json\/wp\/v2\/comments?post=11243"}],"version-history":[{"count":19,"href":"https:\/\/blava.hspaces.io\/es\/wp-json\/wp\/v2\/pages\/11243\/revisions"}],"predecessor-version":[{"id":13142,"href":"https:\/\/blava.hspaces.io\/es\/wp-json\/wp\/v2\/pages\/11243\/revisions\/13142"}],"wp:attachment":[{"href":"https:\/\/blava.hspaces.io\/es\/wp-json\/wp\/v2\/media?parent=11243"}],"curies":[{"name":"wp","href":"https:\/\/api.w.org\/{rel}","templated":true}]}}